{"id":2593,"date":"2023-02-13T13:29:29","date_gmt":"2023-02-13T13:29:29","guid":{"rendered":"https:\/\/lmaid.com\/?page_id=2593"},"modified":"2023-02-13T16:22:02","modified_gmt":"2023-02-13T16:22:02","slug":"mentions-legales","status":"publish","type":"page","link":"https:\/\/lmaid.com\/en\/mentions-legales\/","title":{"rendered":"Legal notice"},"content":{"rendered":"<div data-elementor-type=\"wp-page\" data-elementor-id=\"2593\" class=\"elementor elementor-2593\" data-elementor-settings=\"{&quot;element_pack_global_tooltip_width&quot;:{&quot;unit&quot;:&quot;px&quot;,&quot;size&quot;:&quot;&quot;,&quot;sizes&quot;:[]},&quot;element_pack_global_tooltip_width_tablet&quot;:{&quot;unit&quot;:&quot;px&quot;,&quot;size&quot;:&quot;&quot;,&quot;sizes&quot;:[]},&quot;element_pack_global_tooltip_width_mobile&quot;:{&quot;unit&quot;:&quot;px&quot;,&quot;size&quot;:&quot;&quot;,&quot;sizes&quot;:[]},&quot;element_pack_global_tooltip_padding&quot;:{&quot;unit&quot;:&quot;px&quot;,&quot;top&quot;:&quot;&quot;,&quot;right&quot;:&quot;&quot;,&quot;bottom&quot;:&quot;&quot;,&quot;left&quot;:&quot;&quot;,&quot;isLinked&quot;:true},&quot;element_pack_global_tooltip_padding_tablet&quot;:{&quot;unit&quot;:&quot;px&quot;,&quot;top&quot;:&quot;&quot;,&quot;right&quot;:&quot;&quot;,&quot;bottom&quot;:&quot;&quot;,&quot;left&quot;:&quot;&quot;,&quot;isLinked&quot;:true},&quot;element_pack_global_tooltip_padding_mobile&quot;:{&quot;unit&quot;:&quot;px&quot;,&quot;top&quot;:&quot;&quot;,&quot;right&quot;:&quot;&quot;,&quot;bottom&quot;:&quot;&quot;,&quot;left&quot;:&quot;&quot;,&quot;isLinked&quot;:true},&quot;element_pack_global_tooltip_border_radius&quot;:{&quot;unit&quot;:&quot;px&quot;,&quot;top&quot;:&quot;&quot;,&quot;right&quot;:&quot;&quot;,&quot;bottom&quot;:&quot;&quot;,&quot;left&quot;:&quot;&quot;,&quot;isLinked&quot;:true},&quot;element_pack_global_tooltip_border_radius_tablet&quot;:{&quot;unit&quot;:&quot;px&quot;,&quot;top&quot;:&quot;&quot;,&quot;right&quot;:&quot;&quot;,&quot;bottom&quot;:&quot;&quot;,&quot;left&quot;:&quot;&quot;,&quot;isLinked&quot;:true},&quot;element_pack_global_tooltip_border_radius_mobile&quot;:{&quot;unit&quot;:&quot;px&quot;,&quot;top&quot;:&quot;&quot;,&quot;right&quot;:&quot;&quot;,&quot;bottom&quot;:&quot;&quot;,&quot;left&quot;:&quot;&quot;,&quot;isLinked&quot;:true}}\">\n\t\t\t\t\t\t<div class=\"elementor-section elementor-top-section elementor-element elementor-element-fa3ab82 elementor-section-boxed elementor-section-height-default elementor-section-height-default\" data-id=\"fa3ab82\" data-element_type=\"section\" data-e-type=\"section\" data-settings=\"{&quot;background_background&quot;:&quot;classic&quot;}\">\n\t\t\t\t\t\t<div class=\"elementor-container elementor-column-gap-default\">\n\t\t\t\t\t<div class=\"elementor-column elementor-col-100 elementor-top-column elementor-element elementor-element-aa1caae\" data-id=\"aa1caae\" data-element_type=\"column\" data-e-type=\"column\">\n\t\t\t<div class=\"elementor-widget-wrap elementor-element-populated\">\n\t\t\t\t\t\t<div class=\"elementor-element elementor-element-197b394 elementor-widget-tablet__width-initial elementor-widget-mobile__width-inherit elementor-widget__width-initial elementor-invisible elementor-widget elementor-widget-heading\" data-id=\"197b394\" data-element_type=\"widget\" data-e-type=\"widget\" data-settings=\"{&quot;_animation&quot;:&quot;fadeInUp&quot;,&quot;_animation_delay&quot;:500}\" data-widget_type=\"heading.default\">\n\t\t\t\t<div class=\"elementor-widget-container\">\n\t\t\t\t\t<h2 class=\"elementor-heading-title elementor-size-default\">Legal notice<\/h2>\t\t\t\t<\/div>\n\t\t\t\t<\/div>\n\t\t\t\t\t<\/div>\n\t\t<\/div>\n\t\t\t\t\t<\/div>\n\t\t<\/div>\n\t\t\t\t<section class=\"elementor-section elementor-top-section elementor-element elementor-element-7bda055 elementor-section-boxed elementor-section-height-default elementor-section-height-default\" data-id=\"7bda055\" data-element_type=\"section\" data-e-type=\"section\">\n\t\t\t\t\t\t<div class=\"elementor-container elementor-column-gap-default\">\n\t\t\t\t\t<div class=\"elementor-column elementor-col-100 elementor-top-column elementor-element elementor-element-9bf3a88\" data-id=\"9bf3a88\" data-element_type=\"column\" data-e-type=\"column\">\n\t\t\t<div class=\"elementor-widget-wrap elementor-element-populated\">\n\t\t\t\t\t\t<div class=\"elementor-element elementor-element-6b2c03e elementor-widget elementor-widget-text-editor\" data-id=\"6b2c03e\" data-element_type=\"widget\" data-e-type=\"widget\" data-widget_type=\"text-editor.default\">\n\t\t\t\t<div class=\"elementor-widget-container\">\n\t\t\t\t\t\t\t\t\t<p><span style=\"font-weight: 400;\">Le site internet lm-interieurs.com est propos\u00e9 par :<\/span><\/p><p><span style=\"font-weight: 400;\">Laurence Meyer Architecture d\u2019Int\u00e9rieur et D\u00e9coration (LMAID)<\/span><\/p><p><span style=\"font-weight: 400;\">Micro-Entreprise<\/span><\/p><p><span style=\"font-weight: 400;\"># TVA intracommunautaire : FR 77 832 517 783<\/span><\/p><p><span style=\"font-weight: 400;\">Si\u00e8ge social : Mas de Bonniol 34150 La Boissi\u00e8re France<\/span><\/p><p><span style=\"font-weight: 400;\">\u00a0<\/span><\/p><p><b>Directeur de publication<\/b><\/p><p><span style=\"font-weight: 400;\">Laurence MEYER<\/span><\/p><p><span style=\"font-weight: 400;\">Email : l.meyer@lm-interieurs.com<\/span><\/p><p><span style=\"font-weight: 400;\">\u00a0<\/span><\/p><p><b>H\u00e9bergeur<\/b><\/p><p><span style=\"font-weight: 400;\">Le site internet www.lm-interieurs.com est h\u00e9berg\u00e9 sur les serveurs de la soci\u00e9t\u00e9 HOSTINGER, dont le sie\u0300ge social est situe\u0301 HOSTINGER INTERNATIONAL LTD, 61 Lordou Vironos Street, 6023 Larnaca, Chypre, joignable par le moyen suivant :<a href=\"https:\/\/www.hostinger.fr\/contact\" target=\"_blank\" rel=\"noopener\">https:\/\/www.hostinger.fr\/contact<\/a>.<\/span><\/p><p><b>Propri\u00e9t\u00e9 Intellectuelle<\/b><\/p><p><span style=\"font-weight: 400;\">Tout le contenu du pr\u00e9sent site, incluant, de fa\u00e7on non limitative, les images, photos, graphismes, logos, textes, vid\u00e9os, ainsi que leur mise en forme sont la propri\u00e9t\u00e9 exclusive de l\u2019\u00e9diteur \u00e0 l\u2019exception des marques, logos ou contenus appartenant \u00e0 d\u2019autres soci\u00e9t\u00e9s partenaires ou de tiers ayant autoris\u00e9 LMAID \u00e0 utiliser leur contenu.<\/span><\/p><p><span style=\"font-weight: 400;\">La structure g\u00e9n\u00e9rale ainsi que tous les documents, informations, textes, graphiques, images photographies ou tout autre contenu diffus\u00e9 sur le site web de l\u2019Entreprise ou sur tout autre support font l\u2019objet d\u2019une protection au titre du droit d\u2019auteur et de la propri\u00e9t\u00e9 intellectuelle et sont la propri\u00e9t\u00e9 de l\u2019Entreprise. En cons\u00e9quence, et conform\u00e9ment au Code de la Propri\u00e9t\u00e9 Intellectuelle fran\u00e7ais, seule l\u2019utilisation pour un usage privatif est autoris\u00e9e, sous r\u00e9serve de dispositions l\u00e9gales ou r\u00e9glementaires applicables plus restrictives.\u00a0<\/span><\/p><p><span style=\"font-weight: 400;\">Toute utilisation, exploitation, reproduction et\/ou modification qui en serait faite sans l\u2019accord \u00e9crit et pr\u00e9alable de<\/span><\/p><p><span style=\"font-weight: 400;\">LMAID est interdite au sens de l\u2019article 122-4 du code de la propri\u00e9t\u00e9 intellectuelle. Elles seraient susceptibles de constituer une contrefa\u00e7on au sens de l\u2019article 335-2 de ce code. N\u00e9anmoins, leur reproduction partielle ou int\u00e9grale demeure autoris\u00e9e pour les besoins de la presse.<\/span><\/p><p><b>Informatique et Libert\u00e9s<\/b><\/p><p><span style=\"font-weight: 400;\">Conform\u00e9ment \u00e0 la loi \u00ab informatique et libert\u00e9s \u00bb du 6 janvier 1978, vous b\u00e9n\u00e9ficiez d\u2019un droit d\u2019acc\u00e8s et de rectification aux informations qui vous concernent. Si vous souhaitez exercer ces droits et obtenir communication des informations vous concernant, veuillez adresser votre demande au responsable du traitement des donn\u00e9es \u00e0 LMAID, Mas de Bonniol, 34150 La Boissi\u00e8re FranceHostinger<\/span><\/p>\t\t\t\t\t\t\t\t<\/div>\n\t\t\t\t<\/div>\n\t\t\t\t\t<\/div>\n\t\t<\/div>\n\t\t\t\t\t<\/div>\n\t\t<\/section>\n\t\t\t\t<\/div>","protected":false},"excerpt":{"rendered":"<p>Mentions l\u00e9gales Le site internet lm-interieurs.com est propos\u00e9 par : Laurence Meyer [&hellip;]<\/p>\n","protected":false},"author":1,"featured_media":0,"parent":0,"menu_order":0,"comment_status":"closed","ping_status":"closed","template":"","meta":{"footnotes":""},"class_list":["post-2593","page","type-page","status-publish","hentry"],"_links":{"self":[{"href":"https:\/\/lmaid.com\/en\/wp-json\/wp\/v2\/pages\/2593","targetHints":{"allow":["GET"]}}],"collection":[{"href":"https:\/\/lmaid.com\/en\/wp-json\/wp\/v2\/pages"}],"about":[{"href":"https:\/\/lmaid.com\/en\/wp-json\/wp\/v2\/types\/page"}],"author":[{"embeddable":true,"href":"https:\/\/lmaid.com\/en\/wp-json\/wp\/v2\/users\/1"}],"replies":[{"embeddable":true,"href":"https:\/\/lmaid.com\/en\/wp-json\/wp\/v2\/comments?post=2593"}],"version-history":[{"count":7,"href":"https:\/\/lmaid.com\/en\/wp-json\/wp\/v2\/pages\/2593\/revisions"}],"predecessor-version":[{"id":2600,"href":"https:\/\/lmaid.com\/en\/wp-json\/wp\/v2\/pages\/2593\/revisions\/2600"}],"wp:attachment":[{"href":"https:\/\/lmaid.com\/en\/wp-json\/wp\/v2\/media?parent=2593"}],"curies":[{"name":"wp","href":"https:\/\/api.w.org\/{rel}","templated":true}]}}